{"id":521,"date":"2026-02-08T03:51:55","date_gmt":"2026-02-08T03:51:55","guid":{"rendered":"https:\/\/lfpnm.com\/?page_id=521"},"modified":"2026-02-08T03:58:27","modified_gmt":"2026-02-08T03:58:27","slug":"careers","status":"publish","type":"page","link":"https:\/\/lfpnm.com\/es\/careers\/","title":{"rendered":"Career Opportunities in Early Childhood"},"content":{"rendered":"<div data-elementor-type=\"wp-page\" data-elementor-id=\"521\" class=\"elementor elementor-521\" data-elementor-post-type=\"page\">\n\t\t\t\t<div class=\"elementor-element elementor-element-38ed891 e-flex e-con-boxed e-con e-parent\" data-id=\"38ed891\" data-element_type=\"container\" data-e-type=\"container\" data-settings=\"{&quot;background_background&quot;:&quot;classic&quot;,&quot;shape_divider_bottom&quot;:&quot;waves&quot;}\">\n\t\t\t\t\t<div class=\"e-con-inner\">\n\t\t\t\t<div class=\"elementor-shape elementor-shape-bottom\" aria-hidden=\"true\" data-negative=\"false\">\n\t\t\t<svg xmlns=\"http:\/\/www.w3.org\/2000\/svg\" viewbox=\"0 0 1000 100\" preserveaspectratio=\"none\">\n\t<path class=\"elementor-shape-fill\" d=\"M421.9,6.5c22.6-2.5,51.5,0.4,75.5,5.3c23.6,4.9,70.9,23.5,100.5,35.7c75.8,32.2,133.7,44.5,192.6,49.7\tc23.6,2.1,48.7,3.5,103.4-2.5c54.7-6,106.2-25.6,106.2-25.6V0H0v30.3c0,0,72,32.6,158.4,30.5c39.2-0.7,92.8-6.7,134-22.4\tc21.2-8.1,52.2-18.2,79.7-24.2C399.3,7.9,411.6,7.5,421.9,6.5z\"\/>\n<\/svg>\t\t<\/div>\n\t\t<div class=\"elementor-element elementor-element-a5e10cc e-con-full e-flex e-con e-child\" data-id=\"a5e10cc\" data-element_type=\"container\" data-e-type=\"container\">\n\t\t\t\t<div class=\"elementor-element elementor-element-dc1fa29 elementor-widget elementor-widget-heading\" data-id=\"dc1fa29\" data-element_type=\"widget\" data-e-type=\"widget\" data-widget_type=\"heading.default\">\n\t\t\t\t\t<h3 class=\"elementor-heading-title elementor-size-default\">M\u00e1s que un Trabajo<\/h3>\t\t\t\t<\/div>\n\t\t\t\t<div class=\"elementor-element elementor-element-d657c63 elementor-widget elementor-widget-heading\" data-id=\"d657c63\" data-element_type=\"widget\" data-e-type=\"widget\" data-widget_type=\"heading.default\">\n\t\t\t\t\t<h1 class=\"elementor-heading-title elementor-size-default\">Oportunidades de Trabajo en Little FootPrints<\/h1>\t\t\t\t<\/div>\n\t\t\t\t<div class=\"elementor-element elementor-element-2263798 elementor-widget elementor-widget-text-editor\" data-id=\"2263798\" data-element_type=\"widget\" data-e-type=\"widget\" data-widget_type=\"text-editor.default\">\n\t\t\t\t\t\t\t\t\t<p>Somos un Centro de Aprendizaje y Desarrollo Infantil Temprano de cinco estrellas, de propiedad familiar, comprometido con la creaci\u00f3n de un entorno laboral solidario y colaborativo donde los educadores se sienten valorados. Nuestro equipo desempe\u00f1a un papel esencial en el apoyo a los ni\u00f1os y las familias, al mismo tiempo que construye relaciones s\u00f3lidas y duraderas dentro de nuestra comunidad.<\/p>\t\t\t\t\t\t\t\t<\/div>\n\t\t\t\t<\/div>\n\t\t\t\t\t<\/div>\n\t\t\t\t<\/div>\n\t\t<div class=\"elementor-element elementor-element-95d7863 e-flex e-con-boxed e-con e-parent\" data-id=\"95d7863\" data-element_type=\"container\" data-e-type=\"container\">\n\t\t\t\t\t<div class=\"e-con-inner\">\n\t\t<div class=\"elementor-element elementor-element-609e1a8 e-con-full e-flex e-con e-child\" data-id=\"609e1a8\" data-element_type=\"container\" data-e-type=\"container\">\n\t\t\t\t<div class=\"elementor-element elementor-element-6be12b3 elementor-widget elementor-widget-image\" data-id=\"6be12b3\" data-element_type=\"widget\" data-e-type=\"widget\" data-widget_type=\"image.default\">\n\t\t\t\t\t\t\t\t\t\t\t\t\t\t\t<img fetchpriority=\"high\" decoding=\"async\" width=\"2560\" height=\"1648\" src=\"https:\/\/lfpnm.com\/wp-content\/uploads\/2026\/01\/IMG_6685-scaled.webp\" class=\"attachment-full size-full wp-image-432\" alt=\"\" srcset=\"https:\/\/lfpnm.com\/wp-content\/uploads\/2026\/01\/IMG_6685-scaled.webp 2560w, https:\/\/lfpnm.com\/wp-content\/uploads\/2026\/01\/IMG_6685-300x193.webp 300w, https:\/\/lfpnm.com\/wp-content\/uploads\/2026\/01\/IMG_6685-1024x659.webp 1024w, https:\/\/lfpnm.com\/wp-content\/uploads\/2026\/01\/IMG_6685-768x494.webp 768w, https:\/\/lfpnm.com\/wp-content\/uploads\/2026\/01\/IMG_6685-1536x989.webp 1536w, https:\/\/lfpnm.com\/wp-content\/uploads\/2026\/01\/IMG_6685-2048x1318.webp 2048w\" sizes=\"(max-width: 2560px) 100vw, 2560px\" \/>\t\t\t\t\t\t\t\t\t\t\t\t\t\t\t<\/div>\n\t\t\t\t<\/div>\n\t\t<div class=\"elementor-element elementor-element-b014e69 e-con-full e-flex e-con e-child\" data-id=\"b014e69\" data-element_type=\"container\" data-e-type=\"container\">\n\t\t\t\t<div class=\"elementor-element elementor-element-b0262a6 elementor-widget elementor-widget-heading\" data-id=\"b0262a6\" data-element_type=\"widget\" data-e-type=\"widget\" data-widget_type=\"heading.default\">\n\t\t\t\t\t<h3 class=\"elementor-heading-title elementor-size-default\">Apoyo, Mentor\u00eda y Crecimiento<\/h3>\t\t\t\t<\/div>\n\t\t\t\t<div class=\"elementor-element elementor-element-69e1ba2 elementor-widget elementor-widget-heading\" data-id=\"69e1ba2\" data-element_type=\"widget\" data-e-type=\"widget\" data-widget_type=\"heading.default\">\n\t\t\t\t\t<h2 class=\"elementor-heading-title elementor-size-default\">Nuestra Cultura de Equipo<\/h2>\t\t\t\t<\/div>\n\t\t\t\t<div class=\"elementor-element elementor-element-221b171 elementor-widget elementor-widget-text-editor\" data-id=\"221b171\" data-element_type=\"widget\" data-e-type=\"widget\" data-widget_type=\"text-editor.default\">\n\t\t\t\t\t\t\t\t\t<p>Nuestra cultura de equipo fomenta la mentor\u00eda, el aprendizaje continuo y el crecimiento profesional. Los educadores reciben apoyo mientras fortalecen sus habilidades y avanzan profesionalmente, a la vez que generan un impacto significativo en el desarrollo de los ni\u00f1os. La colaboraci\u00f3n, el respeto y un prop\u00f3sito compartido gu\u00edan la manera en que trabajamos juntos cada d\u00eda.<\/p>\t\t\t\t\t\t\t\t<\/div>\n\t\t\t\t<\/div>\n\t\t\t\t\t<\/div>\n\t\t\t\t<\/div>\n\t\t<div class=\"elementor-element elementor-element-7835b8c e-flex e-con-boxed e-con e-parent\" data-id=\"7835b8c\" data-element_type=\"container\" data-e-type=\"container\" data-settings=\"{&quot;background_background&quot;:&quot;classic&quot;}\">\n\t\t\t\t\t<div class=\"e-con-inner\">\n\t\t<div class=\"elementor-element elementor-element-6b42412 e-con-full e-flex e-con e-child\" data-id=\"6b42412\" data-element_type=\"container\" data-e-type=\"container\">\n\t\t\t\t<div class=\"elementor-element elementor-element-1ab29d4 elementor-widget elementor-widget-image\" data-id=\"1ab29d4\" data-element_type=\"widget\" data-e-type=\"widget\" data-widget_type=\"image.default\">\n\t\t\t\t\t\t\t\t\t\t\t\t\t\t\t<img decoding=\"async\" width=\"2048\" height=\"1536\" src=\"https:\/\/lfpnm.com\/wp-content\/uploads\/2025\/11\/Little-FootPrints-Outside-Building.webp\" class=\"attachment-full size-full wp-image-86\" alt=\"\" srcset=\"https:\/\/lfpnm.com\/wp-content\/uploads\/2025\/11\/Little-FootPrints-Outside-Building.webp 2048w, https:\/\/lfpnm.com\/wp-content\/uploads\/2025\/11\/Little-FootPrints-Outside-Building-300x225.webp 300w, https:\/\/lfpnm.com\/wp-content\/uploads\/2025\/11\/Little-FootPrints-Outside-Building-1024x768.webp 1024w, https:\/\/lfpnm.com\/wp-content\/uploads\/2025\/11\/Little-FootPrints-Outside-Building-768x576.webp 768w, https:\/\/lfpnm.com\/wp-content\/uploads\/2025\/11\/Little-FootPrints-Outside-Building-1536x1152.webp 1536w\" sizes=\"(max-width: 2048px) 100vw, 2048px\" \/>\t\t\t\t\t\t\t\t\t\t\t\t\t\t\t<\/div>\n\t\t\t\t<\/div>\n\t\t<div class=\"elementor-element elementor-element-310a451 e-con-full e-flex e-con e-child\" data-id=\"310a451\" data-element_type=\"container\" data-e-type=\"container\">\n\t\t\t\t<div class=\"elementor-element elementor-element-4d6ce88 elementor-widget elementor-widget-heading\" data-id=\"4d6ce88\" data-element_type=\"widget\" data-e-type=\"widget\" data-widget_type=\"heading.default\">\n\t\t\t\t\t<h2 class=\"elementor-heading-title elementor-size-default\">Construye una Carrera Gratificante<\/h2>\t\t\t\t<\/div>\n\t\t\t\t<div class=\"elementor-element elementor-element-79cec43 elementor-widget elementor-widget-heading\" data-id=\"79cec43\" data-element_type=\"widget\" data-e-type=\"widget\" data-widget_type=\"heading.default\">\n\t\t\t\t\t<h2 class=\"elementor-heading-title elementor-size-default\">\u00danete a Nuestro Equipo<\/h2>\t\t\t\t<\/div>\n\t\t\t\t<div class=\"elementor-element elementor-element-e673449 elementor-widget elementor-widget-text-editor\" data-id=\"e673449\" data-element_type=\"widget\" data-e-type=\"widget\" data-widget_type=\"text-editor.default\">\n\t\t\t\t\t\t\t\t\t<p class=\"translation-block\">Buscamos profesionales apasionados que deseen brindar un cuidado excepcional y construir una carrera gratificante en la educaci\u00f3n infantil temprana. Si est\u00e1s interesado en unirte a nuestro equipo, por favor env\u00eda tu curr\u00edculum a info@lfpnm.com<\/p>\t\t\t\t\t\t\t\t<\/div>\n\t\t\t\t<div class=\"elementor-element elementor-element-b0f1c25 elementor-widget-tablet__width-inherit elementor-align-left elementor-mobile-align-center elementor-widget elementor-widget-button\" data-id=\"b0f1c25\" data-element_type=\"widget\" data-e-type=\"widget\" data-widget_type=\"button.default\">\n\t\t\t\t\t\t\t\t\t\t<a class=\"elementor-button elementor-button-link elementor-size-sm\" href=\"mailto:info@lfpnm.com\">\n\t\t\t\t\t\t<span class=\"elementor-button-content-wrapper\">\n\t\t\t\t\t\t\t\t\t<span class=\"elementor-button-text\">Enviar Curr\u00edculum<\/span>\n\t\t\t\t\t<\/span>\n\t\t\t\t\t<\/a>\n\t\t\t\t\t\t\t\t<\/div>\n\t\t\t\t<\/div>\n\t\t\t\t\t<\/div>\n\t\t\t\t<\/div>\n\t\t\t\t<\/div>","protected":false},"excerpt":{"rendered":"<p>More Than a Job Careers at Little FootPrints We are a family owned, five-star Early Childhood Learning and Development Center committed to creating a supportive and collaborative work environment where educators feel valued. Our team plays an essential role in supporting children and families while building strong, lasting relationships within our community. Support, Mentorship, and [&hellip;]<\/p>\n","protected":false},"author":1,"featured_media":0,"parent":0,"menu_order":0,"comment_status":"closed","ping_status":"closed","template":"","meta":{"footnotes":""},"class_list":["post-521","page","type-page","status-publish","hentry"],"_links":{"self":[{"href":"https:\/\/lfpnm.com\/es\/wp-json\/wp\/v2\/pages\/521","targetHints":{"allow":["GET"]}}],"collection":[{"href":"https:\/\/lfpnm.com\/es\/wp-json\/wp\/v2\/pages"}],"about":[{"href":"https:\/\/lfpnm.com\/es\/wp-json\/wp\/v2\/types\/page"}],"author":[{"embeddable":true,"href":"https:\/\/lfpnm.com\/es\/wp-json\/wp\/v2\/users\/1"}],"replies":[{"embeddable":true,"href":"https:\/\/lfpnm.com\/es\/wp-json\/wp\/v2\/comments?post=521"}],"version-history":[{"count":18,"href":"https:\/\/lfpnm.com\/es\/wp-json\/wp\/v2\/pages\/521\/revisions"}],"predecessor-version":[{"id":557,"href":"https:\/\/lfpnm.com\/es\/wp-json\/wp\/v2\/pages\/521\/revisions\/557"}],"wp:attachment":[{"href":"https:\/\/lfpnm.com\/es\/wp-json\/wp\/v2\/media?parent=521"}],"curies":[{"name":"wp","href":"https:\/\/api.w.org\/{rel}","templated":true}]}}